{"id":620,"date":"2025-08-20T21:56:07","date_gmt":"2025-08-20T21:56:07","guid":{"rendered":"https:\/\/thecuevadeltigre.gservicio.com\/?page_id=620"},"modified":"2025-10-28T19:34:33","modified_gmt":"2025-10-28T19:34:33","slug":"sal-de-vino-tinto-3","status":"publish","type":"page","link":"https:\/\/thecuevadeltigre.com\/?page_id=620","title":{"rendered":"Sal de mar natural"},"content":{"rendered":"\t\t<div data-elementor-type=\"wp-page\" data-elementor-id=\"620\" class=\"elementor elementor-620\">\n\t\t\t\t<div class=\"elementor-element elementor-element-26061f7 e-flex e-con-boxed e-con e-parent\" data-id=\"26061f7\" data-element_type=\"container\">\n\t\t\t\t\t<div class=\"e-con-inner\">\n\t\t\t\t<div class=\"elementor-element elementor-element-9c2df41 elementor-widget elementor-widget-sina_title\" data-id=\"9c2df41\" data-element_type=\"widget\" data-widget_type=\"sina_title.default\">\n\t\t\t\t<div class=\"elementor-widget-container\">\n\t\t\t\t\t\t\t<div class=\"sina-title\">\r\n\t\t\t\r\n\t\t\t\t\t\t\t<h2 class=\"sina-title-title\">Sal de <span>mar natural <\/span><\/h2>\t\t\t\r\n\t\t\t\r\n\t\t\t\r\n\t\t\t\t\t<\/div><!-- .sina-title -->\r\n\t\t\t\t\t\t<\/div>\n\t\t\t\t<\/div>\n\t\t\t\t\t<\/div>\n\t\t\t\t<\/div>\n\t\t<div class=\"elementor-element elementor-element-7252145 e-flex e-con-boxed e-con e-parent\" data-id=\"7252145\" data-element_type=\"container\">\n\t\t\t\t\t<div class=\"e-con-inner\">\n\t\t<div class=\"elementor-element elementor-element-5250815 e-con-full e-flex e-con e-child\" data-id=\"5250815\" data-element_type=\"container\">\n\t\t\t\t<div class=\"elementor-element elementor-element-85741ad elementor-widget elementor-widget-image\" data-id=\"85741ad\" data-element_type=\"widget\" data-widget_type=\"image.default\">\n\t\t\t\t<div class=\"elementor-widget-container\">\n\t\t\t\t\t\t\t\t\t\t\t\t\t\t\t<img fetchpriority=\"high\" decoding=\"async\" width=\"720\" height=\"480\" src=\"https:\/\/thecuevadeltigre.com\/wp-content\/uploads\/2024\/11\/Copia-de-DSC_0142-1-1024x683.jpg\" class=\"attachment-large size-large wp-image-93\" alt=\"\" srcset=\"https:\/\/thecuevadeltigre.com\/wp-content\/uploads\/2024\/11\/Copia-de-DSC_0142-1-1024x683.jpg 1024w, https:\/\/thecuevadeltigre.com\/wp-content\/uploads\/2024\/11\/Copia-de-DSC_0142-1-600x400.jpg 600w, https:\/\/thecuevadeltigre.com\/wp-content\/uploads\/2024\/11\/Copia-de-DSC_0142-1-300x200.jpg 300w, https:\/\/thecuevadeltigre.com\/wp-content\/uploads\/2024\/11\/Copia-de-DSC_0142-1-768x512.jpg 768w, https:\/\/thecuevadeltigre.com\/wp-content\/uploads\/2024\/11\/Copia-de-DSC_0142-1-1536x1024.jpg 1536w, https:\/\/thecuevadeltigre.com\/wp-content\/uploads\/2024\/11\/Copia-de-DSC_0142-1.jpg 1620w\" sizes=\"(max-width: 720px) 100vw, 720px\" \/>\t\t\t\t\t\t\t\t\t\t\t\t\t\t\t<\/div>\n\t\t\t\t<\/div>\n\t\t\t\t<\/div>\n\t\t<div class=\"elementor-element elementor-element-cf29770 e-con-full e-flex e-con e-child\" data-id=\"cf29770\" data-element_type=\"container\">\n\t\t<div class=\"elementor-element elementor-element-f2ab48d e-con-full e-flex e-con e-child\" data-id=\"f2ab48d\" data-element_type=\"container\">\n\t\t\t\t<div class=\"elementor-element elementor-element-b63237a elementor-widget elementor-widget-heading\" data-id=\"b63237a\" data-element_type=\"widget\" data-widget_type=\"heading.default\">\n\t\t\t\t<div class=\"elementor-widget-container\">\n\t\t\t\t\t<h1 class=\"elementor-heading-title elementor-size-default\">Descripci\u00f3n<\/h1>\t\t\t\t<\/div>\n\t\t\t\t<\/div>\n\t\t\t\t<\/div>\n\t\t<div class=\"elementor-element elementor-element-a99e6a3 e-con-full e-flex e-con e-child\" data-id=\"a99e6a3\" data-element_type=\"container\">\n\t\t\t\t<div class=\"elementor-element elementor-element-5b23d0b elementor-widget elementor-widget-text-editor\" data-id=\"5b23d0b\" data-element_type=\"widget\" data-widget_type=\"text-editor.default\">\n\t\t\t\t<div class=\"elementor-widget-container\">\n\t\t\t\t\t\t\t\t\t<p>Sal de mar de la costa de Michoac\u00e1n.<\/p>\t\t\t\t\t\t\t\t<\/div>\n\t\t\t\t<\/div>\n\t\t\t\t<div class=\"elementor-element elementor-element-a21742e elementor-widget elementor-widget-heading\" data-id=\"a21742e\" data-element_type=\"widget\" data-widget_type=\"heading.default\">\n\t\t\t\t<div class=\"elementor-widget-container\">\n\t\t\t\t\t<h2 class=\"elementor-heading-title elementor-size-default\">Ingredientes<\/h2>\t\t\t\t<\/div>\n\t\t\t\t<\/div>\n\t\t\t\t<div class=\"elementor-element elementor-element-e76a5f8 elementor-icon-list--layout-traditional elementor-list-item-link-full_width elementor-widget elementor-widget-icon-list\" data-id=\"e76a5f8\" data-element_type=\"widget\" data-widget_type=\"icon-list.default\">\n\t\t\t\t<div class=\"elementor-widget-container\">\n\t\t\t\t\t\t\t<ul class=\"elementor-icon-list-items\">\n\t\t\t\t\t\t\t<li class=\"elementor-icon-list-item\">\n\t\t\t\t\t\t\t\t\t\t\t<span class=\"elementor-icon-list-icon\">\n\t\t\t\t\t\t\t<svg aria-hidden=\"true\" class=\"e-font-icon-svg e-fas-circle\" viewBox=\"0 0 512 512\" xmlns=\"http:\/\/www.w3.org\/2000\/svg\"><path d=\"M256 8C119 8 8 119 8 256s111 248 248 248 248-111 248-248S393 8 256 8z\"><\/path><\/svg>\t\t\t\t\t\t<\/span>\n\t\t\t\t\t\t\t\t\t\t<span class=\"elementor-icon-list-text\">Sal de mar en grano<\/span>\n\t\t\t\t\t\t\t\t\t<\/li>\n\t\t\t\t\t\t<\/ul>\n\t\t\t\t\t\t<\/div>\n\t\t\t\t<\/div>\n\t\t<div class=\"elementor-element elementor-element-4b72c55 e-grid e-con-full e-con e-child\" data-id=\"4b72c55\" data-element_type=\"container\">\n\t\t\t\t<div class=\"elementor-element elementor-element-fdf2865 elementor-widget elementor-widget-heading\" data-id=\"fdf2865\" data-element_type=\"widget\" data-widget_type=\"heading.default\">\n\t\t\t\t<div class=\"elementor-widget-container\">\n\t\t\t\t\t<h5 class=\"elementor-heading-title elementor-size-default\">Presentaciones: 100g y 200g<\/h5>\t\t\t\t<\/div>\n\t\t\t\t<\/div>\n\t\t\t\t<div class=\"elementor-element elementor-element-f5ac82c elementor-align-right elementor-widget elementor-widget-button\" data-id=\"f5ac82c\" data-element_type=\"widget\" data-widget_type=\"button.default\">\n\t\t\t\t<div class=\"elementor-widget-container\">\n\t\t\t\t\t\t\t\t\t<div class=\"elementor-button-wrapper\">\n\t\t\t\t\t<a class=\"elementor-button elementor-button-link elementor-size-sm\" href=\"https:\/\/wa.me\/528116818729\" target=\"_blank\">\n\t\t\t\t\t\t<span class=\"elementor-button-content-wrapper\">\n\t\t\t\t\t\t\t\t\t<span class=\"elementor-button-text\">Cont\u00e1ctanos<\/span>\n\t\t\t\t\t<\/span>\n\t\t\t\t\t<\/a>\n\t\t\t\t<\/div>\n\t\t\t\t\t\t\t\t<\/div>\n\t\t\t\t<\/div>\n\t\t\t\t<\/div>\n\t\t\t\t<\/div>\n\t\t\t\t<\/div>\n\t\t\t\t\t<\/div>\n\t\t\t\t<\/div>\n\t\t\t\t<\/div>\n\t\t","protected":false},"excerpt":{"rendered":"<p>Sal de mar natural Descripci\u00f3n Sal de mar de la costa de Michoac\u00e1n. Ingredientes Sal de mar en grano Presentaciones: 100g y 200g Cont\u00e1ctanos<\/p>\n","protected":false},"author":1,"featured_media":0,"parent":0,"menu_order":0,"comment_status":"closed","ping_status":"closed","template":"","meta":{"_acf_changed":false,"footnotes":""},"class_list":["post-620","page","type-page","status-publish","hentry"],"acf":[],"_links":{"self":[{"href":"https:\/\/thecuevadeltigre.com\/index.php?rest_route=\/wp\/v2\/pages\/620","targetHints":{"allow":["GET"]}}],"collection":[{"href":"https:\/\/thecuevadeltigre.com\/index.php?rest_route=\/wp\/v2\/pages"}],"about":[{"href":"https:\/\/thecuevadeltigre.com\/index.php?rest_route=\/wp\/v2\/types\/page"}],"author":[{"embeddable":true,"href":"https:\/\/thecuevadeltigre.com\/index.php?rest_route=\/wp\/v2\/users\/1"}],"replies":[{"embeddable":true,"href":"https:\/\/thecuevadeltigre.com\/index.php?rest_route=%2Fwp%2Fv2%2Fcomments&post=620"}],"version-history":[{"count":13,"href":"https:\/\/thecuevadeltigre.com\/index.php?rest_route=\/wp\/v2\/pages\/620\/revisions"}],"predecessor-version":[{"id":882,"href":"https:\/\/thecuevadeltigre.com\/index.php?rest_route=\/wp\/v2\/pages\/620\/revisions\/882"}],"wp:attachment":[{"href":"https:\/\/thecuevadeltigre.com\/index.php?rest_route=%2Fwp%2Fv2%2Fmedia&parent=620"}],"curies":[{"name":"wp","href":"https:\/\/api.w.org\/{rel}","templated":true}]}}